	{"id":118,"date":"2022-06-29T09:34:07","date_gmt":"2022-06-29T09:34:07","guid":{"rendered":"https:\/\/iiicongresoaeeao.usal.es\/?page_id=118"},"modified":"2022-09-20T10:05:08","modified_gmt":"2022-09-20T10:05:08","slug":"organizacion","status":"publish","type":"page","link":"https:\/\/iiicongresoaeeao.usal.es\/en\/organizacion\/","title":{"rendered":"Organization"},"content":{"rendered":"<p>&nbsp;<\/p>\n<p>&nbsp;<\/p>\n<p style=\"text-align: center;\"><span style=\"font-size: 12pt;\"><b>Organizing Committee<\/b><\/span><\/p>\n<p style=\"text-align: center;\"><span style=\"font-size: 12pt;\">Director: David Doncel Abad<\/span><\/p>\n<table style=\"border-collapse: collapse; width: 100%; height: 92px;\">\n<tbody>\n<tr style=\"height: 23px;\">\n<td style=\"width: 50%; height: 23px; text-align: center;\">Alfonso Falero<\/td>\n<td style=\"width: 50%; height: 23px; text-align: center;\">\u00c0ngels Pelegrin Sol\u00e9<\/td>\n<\/tr>\n<tr style=\"height: 23px;\">\n<td style=\"width: 50%; height: 23px; text-align: center;\">Mar\u00eda Gajate<\/td>\n<td style=\"width: 50%; height: 23px; text-align: center;\">Jorge Rodr\u00edguez<\/td>\n<\/tr>\n<tr style=\"height: 23px;\">\n<td style=\"width: 50%; height: 23px; text-align: center;\">Luc\u00eda Hornedo<\/td>\n<td style=\"width: 50%; height: 23px; text-align: center;\">Teresa Tejeda<\/td>\n<\/tr>\n<tr style=\"height: 23px;\">\n<td style=\"width: 50%; height: 23px; text-align: center;\">Marta Lambea<\/td>\n<td style=\"width: 50%; height: 23px; text-align: center;\">Gabriel Terol<\/td>\n<\/tr>\n<\/tbody>\n<\/table>\n<p><\/p>","protected":false},"excerpt":{"rendered":"<p>&nbsp; &nbsp; Organizing Committee Director: David Doncel Abad Alfonso Falero \u00c0ngels Pelegrin Sol\u00e9 Mar\u00eda Gajate Jorge Rodr\u00edguez Luc\u00eda Hornedo Teresa Tejeda Marta Lambea Gabriel Terol<\/p>\n","protected":false},"author":73,"featured_media":0,"parent":0,"menu_order":0,"comment_status":"closed","ping_status":"closed","template":"","meta":{"footnotes":""},"class_list":["post-118","page","type-page","status-publish","hentry"],"aioseo_notices":[],"_links":{"self":[{"href":"https:\/\/iiicongresoaeeao.usal.es\/en\/wp-json\/wp\/v2\/pages\/118","targetHints":{"allow":["GET"]}}],"collection":[{"href":"https:\/\/iiicongresoaeeao.usal.es\/en\/wp-json\/wp\/v2\/pages"}],"about":[{"href":"https:\/\/iiicongresoaeeao.usal.es\/en\/wp-json\/wp\/v2\/types\/page"}],"author":[{"embeddable":true,"href":"https:\/\/iiicongresoaeeao.usal.es\/en\/wp-json\/wp\/v2\/users\/73"}],"replies":[{"embeddable":true,"href":"https:\/\/iiicongresoaeeao.usal.es\/en\/wp-json\/wp\/v2\/comments?post=118"}],"version-history":[{"count":9,"href":"https:\/\/iiicongresoaeeao.usal.es\/en\/wp-json\/wp\/v2\/pages\/118\/revisions"}],"predecessor-version":[{"id":222,"href":"https:\/\/iiicongresoaeeao.usal.es\/en\/wp-json\/wp\/v2\/pages\/118\/revisions\/222"}],"wp:attachment":[{"href":"https:\/\/iiicongresoaeeao.usal.es\/en\/wp-json\/wp\/v2\/media?parent=118"}],"curies":[{"name":"wp","href":"https:\/\/api.w.org\/{rel}","templated":true}]}}