	{"id":214,"date":"2022-09-20T08:24:00","date_gmt":"2022-09-20T08:24:00","guid":{"rendered":"https:\/\/iiicongresoaeeao.usal.es\/?page_id=214"},"modified":"2022-09-20T14:39:49","modified_gmt":"2022-09-20T14:39:49","slug":"comite-cientifico","status":"publish","type":"page","link":"https:\/\/iiicongresoaeeao.usal.es\/en\/comite-cientifico\/","title":{"rendered":"Scientific Committee"},"content":{"rendered":"<p>&nbsp;<\/p>\n<p>&nbsp;<\/p>\n<p style=\"text-align: center;\"><span style=\"font-size: 12pt;\"><b>Scientific Committee<\/b><\/span><\/p>\n<table style=\"width: 99.8319%; border-collapse: collapse; border-style: hidden; height: 829px;\">\n<tbody>\n<tr style=\"height: 23px;\">\n<td style=\"width: 50%; text-align: center; height: 23px;\"><span style=\"font-size: 12pt;\">Gracia Abad<\/span><\/td>\n<td style=\"width: 50%; text-align: center; height: 23px;\"><span style=\"font-size: 12pt;\">Mihwa Jo<\/span><\/td>\n<\/tr>\n<tr style=\"height: 23px;\">\n<td style=\"width: 50%; text-align: center; height: 23px;\"><span style=\"font-size: 12pt;\">David Almaz\u00e1n Tom\u00e1s<\/span><\/td>\n<td style=\"width: 50%; text-align: center; height: 23px;\"><span style=\"font-size: 12pt;\">Marta Lambea<\/span><\/td>\n<\/tr>\n<tr style=\"height: 23px;\">\n<td style=\"width: 50%; text-align: center; height: 23px;\"><span style=\"font-size: 12pt;\">Carmen Amado<\/span><\/td>\n<td style=\"width: 50%; text-align: center; height: 23px;\"><span style=\"font-size: 12pt;\">Ignacio L\u00f3pez-Sako<\/span><\/td>\n<\/tr>\n<tr style=\"height: 23px;\">\n<td style=\"width: 50%; text-align: center; height: 23px;\"><span style=\"font-size: 12pt;\">Lola Balaguer<\/span><\/td>\n<td style=\"width: 50%; text-align: center; height: 23px;\"><span style=\"font-size: 12pt;\">Lluc L\u00f3pez<\/span><\/td>\n<\/tr>\n<tr style=\"height: 23px;\">\n<td style=\"width: 50%; text-align: center; height: 23px;\"><span style=\"font-size: 12pt;\">Francisco Barber\u00e1n<\/span><\/td>\n<td style=\"width: 50%; text-align: center; height: 23px;\"><span style=\"font-size: 12pt;\">Artur Lozano M\u00e9ndez<\/span><\/td>\n<\/tr>\n<tr style=\"height: 23px;\">\n<td style=\"width: 50%; text-align: center; height: 23px;\"><span style=\"font-size: 12pt;\">Elena Barl\u00e9s<\/span><\/td>\n<td style=\"width: 50%; text-align: center; height: 23px;\"><span style=\"font-size: 12pt;\">Manuel Luca de Tena<\/span><\/td>\n<\/tr>\n<tr style=\"height: 23px;\">\n<td style=\"width: 50%; text-align: center; height: 23px;\"><span style=\"font-size: 12pt;\">Carles Bas\u00f3 Broggi<\/span><\/td>\n<td style=\"width: 50%; text-align: center; height: 23px;\">Pedro Luengo<\/td>\n<\/tr>\n<tr style=\"height: 23px;\">\n<td style=\"width: 50%; text-align: center; height: 23px;\"><span style=\"font-size: 12pt;\">Joaqu\u00edn Beltr\u00e1n<\/span><\/td>\n<td style=\"width: 50%; height: 23px; text-align: center;\"><span style=\"font-size: 12pt;\">Masako Kubo<\/span><\/td>\n<\/tr>\n<tr style=\"height: 23px;\">\n<td style=\"width: 50%; text-align: center; height: 23px;\"><span style=\"font-family: Lato, sans-serif; font-size: 12pt; font-style: normal; font-weight: 400;\">Anna Busquets<\/span><\/td>\n<td style=\"width: 50%; text-align: center; height: 23px;\"><span style=\"font-size: 12pt;\">Pedro Luengo<\/span><\/td>\n<\/tr>\n<tr style=\"height: 23px;\">\n<td style=\"width: 50%; text-align: center; height: 23px;\"><span style=\"font-size: 12pt;\">Pilar Caba\u00f1as<\/span><\/td>\n<td style=\"width: 50%; text-align: center; height: 23px;\"><span style=\"font-size: 12pt;\">Consuelo Marcos Mart\u00ednez<\/span><\/td>\n<\/tr>\n<tr style=\"height: 23px;\">\n<td style=\"width: 50%; text-align: center; height: 23px;\"><span style=\"font-size: 12pt;\">Helena Casas-Tost<\/span><\/td>\n<td style=\"width: 50%; text-align: center; height: 23px;\"><span style=\"font-size: 12pt;\">Maialen Mar\u00edn Lacarta<\/span><\/td>\n<\/tr>\n<tr style=\"height: 23px;\">\n<td style=\"width: 50%; text-align: center; height: 23px;\"><span style=\"font-size: 12pt;\">Jos\u00e9 Antonio Cervera<\/span><\/td>\n<td style=\"width: 50%; text-align: center; height: 23px;\"><span style=\"font-size: 12pt;\">Jos\u00e9 Javier Mart\u00edn R\u00edos<\/span><\/td>\n<\/tr>\n<tr style=\"height: 23px;\">\n<td style=\"width: 50%; text-align: center; height: 23px;\"><span style=\"font-size: 12pt;\">Chiao-In Chen<\/span><\/td>\n<td style=\"width: 50%; text-align: center; height: 23px;\"><span style=\"font-size: 12pt;\">David Mart\u00ednez<\/span><\/td>\n<\/tr>\n<tr style=\"height: 23px;\">\n<td style=\"width: 50%; text-align: center; height: 23px;\"><span style=\"font-size: 12pt;\">Juan Jos\u00e9 Ciruela Alf\u00e9rez<\/span><\/td>\n<td style=\"width: 50%; text-align: center; height: 23px;\"><span style=\"font-size: 12pt;\">Jordi Mas<\/span><\/td>\n<\/tr>\n<tr style=\"height: 23px;\">\n<td style=\"width: 50%; text-align: center; height: 23px;\"><span style=\"font-size: 12pt;\">Eberhard Crailsheim<\/span><\/td>\n<td style=\"width: 50%; text-align: center; height: 23px;\"><span style=\"font-size: 12pt;\">Jos\u00e9 Manuel Montalban Peregr\u00edn<\/span><\/td>\n<\/tr>\n<tr style=\"height: 23px;\">\n<td style=\"width: 50%; text-align: center; height: 23px;\"><span style=\"font-size: 12pt;\">Irene De Assun\u00e7\u00e3o Raposo Rodrigues<\/span><\/td>\n<td style=\"width: 50%; text-align: center; height: 23px;\"><span style=\"font-size: 12pt;\">Gladys Nieto<\/span><\/td>\n<\/tr>\n<tr style=\"height: 23px;\">\n<td style=\"width: 50%; text-align: center; height: 23px;\"><span style=\"font-size: 12pt;\">Fernando Delage<\/span><\/td>\n<td style=\"width: 50%; text-align: center; height: 23px;\"><span style=\"font-size: 12pt;\">Pablo Pareja<\/span><\/td>\n<\/tr>\n<tr style=\"height: 23px;\">\n<td style=\"width: 50%; text-align: center; height: 23px;\"><span style=\"font-size: 12pt;\">Radina Dimitrova<\/span><\/td>\n<td style=\"width: 50%; text-align: center; height: 23px;\"><span style=\"font-size: 12pt;\">Angels Pelegrin Sole<\/span><\/td>\n<\/tr>\n<tr style=\"height: 23px;\">\n<td style=\"width: 50%; text-align: center; height: 23px;\"><span style=\"font-family: Lato, sans-serif; font-size: 12pt; font-style: normal; font-weight: 400;\">Antonio Domenech<\/span><\/td>\n<td style=\"width: 50%; text-align: center; height: 23px;\"><span style=\"font-size: 12pt;\">Carles Prado<\/span><\/td>\n<\/tr>\n<tr style=\"height: 23px;\">\n<td style=\"width: 50%; text-align: center; height: 23px;\"><span style=\"font-size: 12pt;\">David Doncel<\/span><\/td>\n<td style=\"width: 50%; text-align: center; height: 23px;\"><span style=\"font-size: 12pt;\">Mar\u00eda Querol<\/span><\/td>\n<\/tr>\n<tr style=\"height: 23px;\">\n<td style=\"width: 50%; text-align: center; height: 23px;\"><span style=\"font-size: 12pt;\">M\u00aa Dolores Elizalde<\/span><\/td>\n<td style=\"width: 50%; text-align: center; height: 23px;\"><span style=\"font-size: 12pt;\">Jorge Rodr\u00edguez<\/span><\/td>\n<\/tr>\n<tr style=\"height: 23px;\">\n<td style=\"width: 50%; text-align: center; height: 23px;\"><span style=\"font-size: 12pt;\">Mario Esteban<\/span><\/td>\n<td style=\"width: 50%; text-align: center; height: 23px;\"><span style=\"font-size: 12pt;\">Sara Rovira-Esteva<\/span><\/td>\n<\/tr>\n<tr style=\"height: 23px;\">\n<td style=\"width: 50%; text-align: center; height: 23px;\"><span style=\"font-size: 12pt;\">Alfonso Falero Folgoso<\/span><\/td>\n<td style=\"width: 50%; text-align: center; height: 23px;\"><span style=\"font-size: 12pt;\">Amelia S\u00e1iz<\/span><\/td>\n<\/tr>\n<tr style=\"height: 23px;\">\n<td style=\"width: 50%; text-align: center; height: 23px;\"><span style=\"font-size: 12pt;\">Makiko Fukuda<\/span><\/td>\n<td style=\"width: 50%; text-align: center; height: 23px;\"><span style=\"font-size: 12pt;\">Gonzalo San Emeterio<\/span><\/td>\n<\/tr>\n<tr style=\"height: 23px;\">\n<td style=\"width: 50%; text-align: center; height: 23px;\"><span style=\"font-size: 12pt;\">Mar\u00eda Gajate<\/span><\/td>\n<td style=\"width: 50%; text-align: center; height: 23px;\"><span style=\"font-size: 12pt;\">Daniel Sastre<\/span><\/td>\n<\/tr>\n<tr style=\"height: 23px;\">\n<td style=\"width: 50%; text-align: center; height: 23px;\"><span style=\"font-size: 12pt;\">Albert Galvany<\/span><\/td>\n<td style=\"width: 50%; text-align: center; height: 23px;\"><span style=\"font-family: Lato, sans-serif; font-size: 12pt; font-style: normal; font-weight: 400;\">Javier Tablero Vallas<\/span><\/td>\n<\/tr>\n<tr style=\"height: 23px;\">\n<td style=\"width: 50%; text-align: center; height: 23px;\"><span style=\"font-size: 12pt;\">Sof\u00eda Gaspar<\/span><\/td>\n<td style=\"width: 50%; text-align: center; height: 23px;\"><span style=\"font-family: Lato, sans-serif; font-size: 12pt; font-style: normal; font-weight: 400;\">Kayoko Takagi<\/span><\/td>\n<\/tr>\n<tr style=\"height: 23px;\">\n<td style=\"width: 50%; text-align: center; height: 23px;\"><span style=\"font-size: 12pt;\">Rub\u00e9n Garc\u00eda-Benito<\/span><\/td>\n<td style=\"width: 50%; text-align: center; height: 23px;\"><span style=\"font-size: 12pt;\">Emi Takamori<\/span><\/td>\n<\/tr>\n<tr style=\"height: 23px;\">\n<td style=\"width: 50%; text-align: center; height: 23px;\"><span style=\"font-size: 12pt;\">Gabriel Garc\u00eda-Noblejas<\/span><\/td>\n<td style=\"width: 50%; text-align: center; height: 23px;\"><span style=\"font-size: 12pt;\">Rumi Tani<\/span><\/td>\n<\/tr>\n<tr style=\"height: 23px;\">\n<td style=\"width: 50%; text-align: center; height: 23px;\"><span style=\"font-size: 12pt;\">Clara Bel\u00e9n Garc\u00eda Fern\u00e1ndez<\/span><\/td>\n<td style=\"width: 50%; text-align: center; height: 23px;\"><span style=\"font-size: 12pt;\">Teresa Tejeda<\/span><\/td>\n<\/tr>\n<tr style=\"height: 23px;\">\n<td style=\"width: 50%; text-align: center; height: 23px;\"><span style=\"font-size: 12pt;\">Javier Gil P\u00e9rez<\/span><\/td>\n<td style=\"width: 50%; text-align: center; height: 23px;\"><span style=\"font-family: Lato, sans-serif; font-size: 12pt; font-style: normal; font-weight: 400;\">Gabriel Terol<\/span><\/td>\n<\/tr>\n<tr style=\"height: 23px;\">\n<td style=\"width: 50%; text-align: center; height: 23px;\"><span style=\"font-size: 12pt;\">Muriel G\u00f3mez<\/span><\/td>\n<td style=\"width: 50%; text-align: center; height: 23px;\"><span style=\"font-family: Lato, sans-serif; font-size: 12pt; font-style: normal; font-weight: 400;\">Carmen Tirado<\/span><\/td>\n<\/tr>\n<tr style=\"height: 23px;\">\n<td style=\"width: 50%; text-align: center; height: 23px;\"><span style=\"font-size: 12pt;\">Blai Guarn\u00e9<\/span><\/td>\n<td style=\"width: 50%; text-align: center; height: 23px;\"><span style=\"font-size: 12pt;\">Ester Torres Sim\u00f3n<\/span><\/td>\n<\/tr>\n<tr style=\"height: 23px;\">\n<td style=\"width: 50%; text-align: center; height: 23px;\"><span style=\"font-size: 12pt;\">Emilio Hern\u00e1ndez Correa<\/span><\/td>\n<td style=\"width: 50%; text-align: center; height: 23px;\"><span style=\"font-family: Lato, sans-serif; font-size: 12pt; font-style: normal; font-weight: 400;\">Mireia Vargas-Urp\u00ed<\/span><\/td>\n<\/tr>\n<tr style=\"height: 23px;\">\n<td style=\"width: 50%; text-align: center; height: 23px;\"><span style=\"font-size: 12pt;\">Luc\u00eda Hornedo<\/span><\/td>\n<td style=\"width: 50%; text-align: center; height: 23px;\"><span style=\"font-size: 12pt;\">Lin Yue<\/span><\/td>\n<\/tr>\n<tr style=\"height: 24px;\">\n<td style=\"width: 50%; text-align: center; height: 24px;\"><span style=\"font-size: 12pt;\">Andreas Janousch<\/span><\/td>\n<td style=\"width: 50%; text-align: center; height: 24px;\"><span style=\"font-size: 12pt;\">\u00a0<\/span><\/td>\n<\/tr>\n<\/tbody>\n<\/table>\n<p><\/p>","protected":false},"excerpt":{"rendered":"<p>&nbsp; &nbsp; Scientific Committee Gracia Abad Mihwa Jo David Almaz\u00e1n Tom\u00e1s Marta Lambea Carmen Amado Ignacio L\u00f3pez-Sako Lola Balaguer Lluc L\u00f3pez Francisco Barber\u00e1n Artur Lozano M\u00e9ndez Elena Barl\u00e9s Manuel Luca de Tena Carles Bas\u00f3 Broggi Pedro Luengo Joaqu\u00edn Beltr\u00e1n Masako Kubo Anna Busquets Pedro Luengo Pilar Caba\u00f1as Consuelo Marcos Mart\u00ednez Helena Casas-Tost Maialen Mar\u00edn Lacarta <a class=\"read-more\" href=\"https:\/\/iiicongresoaeeao.usal.es\/en\/comite-cientifico\/\">Leer m&aacute;s<\/a><\/p>\n","protected":false},"author":73,"featured_media":0,"parent":0,"menu_order":0,"comment_status":"closed","ping_status":"closed","template":"","meta":{"footnotes":""},"class_list":["post-214","page","type-page","status-publish","hentry"],"aioseo_notices":[],"_links":{"self":[{"href":"https:\/\/iiicongresoaeeao.usal.es\/en\/wp-json\/wp\/v2\/pages\/214","targetHints":{"allow":["GET"]}}],"collection":[{"href":"https:\/\/iiicongresoaeeao.usal.es\/en\/wp-json\/wp\/v2\/pages"}],"about":[{"href":"https:\/\/iiicongresoaeeao.usal.es\/en\/wp-json\/wp\/v2\/types\/page"}],"author":[{"embeddable":true,"href":"https:\/\/iiicongresoaeeao.usal.es\/en\/wp-json\/wp\/v2\/users\/73"}],"replies":[{"embeddable":true,"href":"https:\/\/iiicongresoaeeao.usal.es\/en\/wp-json\/wp\/v2\/comments?post=214"}],"version-history":[{"count":4,"href":"https:\/\/iiicongresoaeeao.usal.es\/en\/wp-json\/wp\/v2\/pages\/214\/revisions"}],"predecessor-version":[{"id":229,"href":"https:\/\/iiicongresoaeeao.usal.es\/en\/wp-json\/wp\/v2\/pages\/214\/revisions\/229"}],"wp:attachment":[{"href":"https:\/\/iiicongresoaeeao.usal.es\/en\/wp-json\/wp\/v2\/media?parent=214"}],"curies":[{"name":"wp","href":"https:\/\/api.w.org\/{rel}","templated":true}]}}